{"id":75,"date":"2017-07-23T09:52:55","date_gmt":"2017-07-23T07:52:55","guid":{"rendered":"http:\/\/starbase-fantasy.de\/?page_id=75"},"modified":"2024-02-16T09:10:19","modified_gmt":"2024-02-16T08:10:19","slug":"datenschutzerklaerung","status":"publish","type":"page","link":"https:\/\/starbase-fantasy.de\/?page_id=75","title":{"rendered":"Datenschutzerkl\u00e4rung"},"content":{"rendered":"<h1>Datenschutzerkl\u00e4rung<\/h1>\n<h2>Datenschutz<\/h2>\n<p>Die Betreiber dieser Seiten nehmen<br \/>\nden Schutz Ihrer pers\u00f6nlichen Daten sehr ernst. Wir behandeln Ihre personenbezogenen Daten<br \/>\nvertraulich und entsprechend der gesetzlichen Datenschutzvorschriften sowie dieser<br \/>\nDatenschutzerkl\u00e4rung.<\/p>\n<p>Die Nutzung unserer Webseite ist in der Regel ohne Angabe<br \/>\npersonenbezogener Daten m\u00f6glich. Soweit auf unseren Seiten personenbezogene Daten<br \/>\n(beispielsweise Name, Anschrift oder E-Mail-Adressen) erhoben werden, erfolgt dies, soweit<br \/>\nm\u00f6glich, stets auf freiwilliger Basis. Diese Daten werden ohne Ihre ausdr\u00fcckliche Zustimmung<br \/>\nnicht an Dritte weitergegeben.<\/p>\n<p>Wir weisen darauf hin, dass die Daten\u00fcbertragung im Internet<br \/>\n(z.B. bei der Kommunikation per E-Mail) Sicherheitsl\u00fccken aufweisen kann. Ein l\u00fcckenloser<br \/>\nSchutz der Daten vor dem Zugriff durch Dritte ist nicht m\u00f6glich.<\/p>\n<h2>Cookies<\/h2>\n<p>Die Internetseiten verwenden teilweise so genannte Cookies. Cookies richten auf Ihrem<br \/>\nRechner keinen Schaden an und enthalten keine Viren. Cookies dienen dazu, unser Angebot<br \/>\nnutzerfreundlicher, effektiver und sicherer zu machen. Cookies sind kleine Textdateien, die auf Ihrem<br \/>\nRechner abgelegt werden und die Ihr Browser speichert.<\/p>\n<p>Die meisten der von uns verwendeten<br \/>\nCookies sind so genannte \u201eSession-Cookies\u201c. Sie werden nach Ende Ihres Besuchs automatisch<br \/>\ngel\u00f6scht. Andere Cookies bleiben auf Ihrem Endger\u00e4t gespeichert, bis Sie diese l\u00f6schen.<br \/>\nDiese Cookies erm\u00f6glichen es uns, Ihren Browser beim n\u00e4chsten Besuch<br \/>\nwiederzuerkennen.<\/p>\n<p>Sie k\u00f6nnen Ihren Browser so einstellen, dass Sie \u00fcber das Setzen<br \/>\nvon Cookies informiert werden und Cookies nur im Einzelfall erlauben, die Annahme von Cookies f\u00fcr<br \/>\nbestimmte F\u00e4lle oder generell ausschlie\u00dfen sowie das automatische L\u00f6schen der<br \/>\nCookies beim Schlie\u00dfen des Browser aktivieren. Bei der Deaktivierung von Cookies kann die<br \/>\nFunktionalit\u00e4t dieser Website eingeschr\u00e4nkt sein.<\/p>\n<h2>Server-LogFiles<\/h2>\n<p>Der Provider der Seiten erhebt und speichert automatisch Informationen in so genannten<br \/>\nServer-Log Files, die Ihr Browser automatisch an uns \u00fcbermittelt. Dies sind:<\/p>\n<ul>\n<li>Browsertyp und Browserversion<\/li>\n<li>verwendetes Betriebssystem<\/li>\n<li>Referrer URL<\/li>\n<li>Hostname des zugreifenden Rechners<\/li>\n<li>Uhrzeit der Serveranfrage<\/li>\n<\/ul>\n<p>Diese Daten<br \/>\nsind nicht bestimmten Personen zuordenbar. Eine Zusammenf\u00fchrung dieser Daten mit anderen<br \/>\nDatenquellen wird nicht vorgenommen. Wir behalten uns vor, diese Daten nachtr\u00e4glich zu<br \/>\npr\u00fcfen, wenn uns konkrete Anhaltspunkte f\u00fcr eine rechtswidrige Nutzung bekannt werden.<\/p>\n<h2>Kontaktformular<\/h2>\n<p>Wenn Sie uns per Kontaktformular Anfragen zukommen<br \/>\nlassen, werden Ihre Angaben aus dem Anfrageformular inklusive der von Ihnen dort angegebenen<br \/>\nKontaktdaten zwecks Bearbeitung der Anfrage und f\u00fcr den Fall von Anschlussfragen bei uns<br \/>\ngespeichert. Diese Daten geben wir nicht ohne Ihre Einwilligung weiter.<\/p>\n<p>&nbsp;<\/p>\n<h2>atenschutzerkl\u00e4rung f\u00fcr die Nutzung von<br \/>\nYouTube<\/h2>\n<p>Unsere Webseite nutzt Plugins der von Google betriebenen Seite YouTube. Betreiber<br \/>\nder Seiten ist die YouTube, LLC, 901 Cherry Ave., San Bruno, CA 94066, USA. Wenn Sie eine unserer<br \/>\nmit einem YouTube-Plugin ausgestatteten Seiten besuchen, wird eine Verbindung zu den Servern von<br \/>\nYouTube hergestellt. Dabei wird dem Youtube-Server mitgeteilt, welche unserer Seiten Sie besucht<br \/>\nhaben.<\/p>\n<p>Wenn Sie in Ihrem YouTube-Account eingeloggt sind erm\u00f6glichen Sie YouTube, Ihr<br \/>\nSurfverhalten direkt Ihrem pers\u00f6nlichen Profil zuzuordnen. Dies k\u00f6nnen Sie verhindern, indem<br \/>\nSie sich aus Ihrem YouTube-Account ausloggen.<\/p>\n<p>Weitere Informationen zum Umgang von<br \/>\nNutzerdaten finden Sie in der Datenschutzerkl\u00e4rung von YouTube unter: <a href=\"https:\/\/www.google.de\/intl\/de\/policies\/privacy\">https:\/\/www.google.de\/intl\/de\/policies\/privacy<\/a><\/p>\n<h2>Kommentarfunktion auf dieser Webseite<\/h2>\n<p>F\u00fcr die Kommentarfunktion<br \/>\nauf dieser Seite werden neben Ihrem Kommentar auch Angaben zum Zeitpunkt der Erstellung des<br \/>\nKommentars, Ihre E-Mail-Adresse und, wenn Sie nicht anonym posten, der von Ihnen gew\u00e4hlte<br \/>\nNutzername gespeichert.<\/p>\n<p><strong>Speicherung der IP Adresse<\/strong><\/p>\n<p>Unsere<br \/>\nKommentarfunktion speichert die IP-Adressen der Nutzer, die Kommentare verfassen. Da wir<br \/>\nKommentare auf unserer Seite nicht vor der Freischaltung pr\u00fcfen, ben\u00f6tigen wir diese Daten,<br \/>\num im Falle von Rechtsverletzungen wie Beleidigungen oder Propaganda gegen den Verfasser vorgehen<br \/>\nzu k\u00f6nnen.<\/p>\n<p><strong>Abonnieren von Kommentaren<\/strong><\/p>\n<p>Als Nutzer der Seite<br \/>\nk\u00f6nnen Sie nach einer Anmeldung Kommentare abonnieren. Sie erhalten eine<br \/>\nBest\u00e4tigungsemail, um zu pr\u00fcfen, ob Sie der Inhaber der angegebenen E-Mail-Adresse sind.<br \/>\nSie k\u00f6nnen diese Funktion jederzeit \u00fcber einen Link in den Info-Mails abbestellen.<\/p>\n<h2>Auskunft, L\u00f6schung, Sperrung<\/h2>\n<p>Sie haben jederzeit das Recht auf<br \/>\nunentgeltliche Auskunft \u00fcber Ihre gespeicherten personenbezogenen Daten, deren Herkunft und<br \/>\nEmpf\u00e4nger und den Zweck der Datenverarbeitung sowie ein Recht auf Berichtigung, Sperrung oder<br \/>\nL\u00f6schung dieser Daten. Hierzu sowie zu weiteren Fragen zum Thema personenbezogene Daten<br \/>\nk\u00f6nnen Sie sich jederzeit unter der im Impressum angegebenen Adresse an uns wenden.<\/p>\n<p>&nbsp;<\/p>\n<h2>Widerspruch Werbe-Mails<\/h2>\n<p>Der Nutzung von im Rahmen der Impressumspflicht<br \/>\nver\u00f6ffentlichten Kontaktdaten zur \u00dcbersendung von nicht ausdr\u00fccklich angeforderter<br \/>\nWerbung und Informationsmaterialien wird hiermit widersprochen. Die Betreiber der Seiten behalten sich<br \/>\nausdr\u00fccklich rechtliche Schritte im Falle der unverlangten Zusendung von Werbeinformationen, etwa<br \/>\ndurch Spam-E-Mails, vor.<\/p>\n<p>Quelle: <a href=\"https:\/\/www.e-recht24.de\"><br \/>\nhttps:\/\/www.e-recht24.de<\/a><\/p>\n","protected":false},"excerpt":{"rendered":"<p>Datenschutzerkl\u00e4rung Datenschutz Die Betreiber dieser Seiten nehmen den Schutz Ihrer pers\u00f6nlichen Daten sehr ernst. Wir behandeln Ihre personenbezogenen Daten vertraulich und entsprechend der gesetzlichen Datenschutzvorschriften sowie dieser Datenschutzerkl\u00e4rung. Die Nutzung unserer Webseite ist in der Regel ohne Angabe personenbezogener Daten &hellip; <a href=\"https:\/\/starbase-fantasy.de\/?page_id=75\">Weiterlesen <span class=\"meta-nav\">&rarr;<\/span><\/a><\/p>\n","protected":false},"author":1,"featured_media":0,"parent":0,"menu_order":0,"comment_status":"closed","ping_status":"closed","template":"","meta":{"footnotes":""},"class_list":["post-75","page","type-page","status-publish","hentry"],"_links":{"self":[{"href":"https:\/\/starbase-fantasy.de\/index.php?rest_route=\/wp\/v2\/pages\/75","targetHints":{"allow":["GET"]}}],"collection":[{"href":"https:\/\/starbase-fantasy.de\/index.php?rest_route=\/wp\/v2\/pages"}],"about":[{"href":"https:\/\/starbase-fantasy.de\/index.php?rest_route=\/wp\/v2\/types\/page"}],"author":[{"embeddable":true,"href":"https:\/\/starbase-fantasy.de\/index.php?rest_route=\/wp\/v2\/users\/1"}],"replies":[{"embeddable":true,"href":"https:\/\/starbase-fantasy.de\/index.php?rest_route=%2Fwp%2Fv2%2Fcomments&post=75"}],"version-history":[{"count":3,"href":"https:\/\/starbase-fantasy.de\/index.php?rest_route=\/wp\/v2\/pages\/75\/revisions"}],"predecessor-version":[{"id":2771,"href":"https:\/\/starbase-fantasy.de\/index.php?rest_route=\/wp\/v2\/pages\/75\/revisions\/2771"}],"wp:attachment":[{"href":"https:\/\/starbase-fantasy.de\/index.php?rest_route=%2Fwp%2Fv2%2Fmedia&parent=75"}],"curies":[{"name":"wp","href":"https:\/\/api.w.org\/{rel}","templated":true}]}}